{"id":2728,"date":"2022-09-15T17:11:52","date_gmt":"2022-09-15T17:11:52","guid":{"rendered":"http:\/\/ongizate-emozionala.eus\/proyecto\/"},"modified":"2023-05-14T16:35:55","modified_gmt":"2023-05-14T16:35:55","slug":"proyecto","status":"publish","type":"page","link":"https:\/\/ongizate-emozionala.eus\/es\/proyecto\/","title":{"rendered":"Proyecto"},"content":{"rendered":"<div class=\"fusion-fullwidth fullwidth-box fusion-builder-row-1 fusion-flex-container has-pattern-background has-mask-background nonhundred-percent-fullwidth non-hundred-percent-height-scrolling\" style=\"--awb-border-radius-top-left:0px;--awb-border-radius-top-right:0px;--awb-border-radius-bottom-right:0px;--awb-border-radius-bottom-left:0px;--awb-flex-wrap:wrap;\" ><div class=\"fusion-builder-row fusion-row fusion-flex-align-items-flex-start fusion-flex-content-wrap\" style=\"max-width:1365px;margin-left: calc(-5% \/ 2 );margin-right: calc(-5% \/ 2 );\"><div class=\"fusion-layout-column fusion_builder_column fusion-builder-column-0 fusion_builder_column_1_2 1_2 fusion-flex-column\" style=\"--awb-bg-size:cover;--awb-width-large:50%;--awb-margin-top-large:0px;--awb-spacing-right-large:4.75%;--awb-margin-bottom-large:20px;--awb-spacing-left-large:4.75%;--awb-width-medium:50%;--awb-order-medium:0;--awb-spacing-right-medium:4.75%;--awb-spacing-left-medium:4.75%;--awb-width-small:100%;--awb-order-small:0;--awb-spacing-right-small:2.375%;--awb-spacing-left-small:2.375%;\"><div class=\"fusion-column-wrapper lazyload fusion-column-has-shadow fusion-flex-justify-content-flex-start fusion-content-layout-column fusion-empty-column-bg-image fusion-column-has-bg-image\" data-bg-url=\"http:\/\/ongizate-emozionala.eus\/wp-content\/uploads\/2022\/09\/OE_Proiektua.jpg\" data-bg=\"http:\/\/ongizate-emozionala.eus\/wp-content\/uploads\/2022\/09\/OE_Proiektua.jpg\"><img decoding=\"async\" class=\"fusion-empty-dims-img-placeholder fusion-no-large-visibility\" src=\"data:image\/gif;base64,R0lGODlhAQABAAAAACH5BAEKAAEALAAAAAABAAEAAAICTAEAOw==\"><\/div><\/div><div class=\"fusion-layout-column fusion_builder_column fusion-builder-column-1 fusion_builder_column_1_2 1_2 fusion-flex-column\" style=\"--awb-bg-size:cover;--awb-width-large:50%;--awb-margin-top-large:0px;--awb-spacing-right-large:4.75%;--awb-margin-bottom-large:20px;--awb-spacing-left-large:4.75%;--awb-width-medium:50%;--awb-order-medium:0;--awb-spacing-right-medium:4.75%;--awb-spacing-left-medium:4.75%;--awb-width-small:100%;--awb-order-small:0;--awb-spacing-right-small:2.375%;--awb-spacing-left-small:2.375%;\"><div class=\"fusion-column-wrapper fusion-column-has-shadow fusion-flex-justify-content-flex-start fusion-content-layout-column\"><div class=\"fusion-title title fusion-title-1 fusion-sep-none fusion-title-center fusion-title-text fusion-title-size-three\" style=\"--awb-text-color:var(--awb-color5);\"><h3 class=\"fusion-title-heading title-heading-center\" style=\"margin:0;text-transform:uppercase;\">BIENESTAR EMOCIONAL EN LA FORMACI\u00d3N PROFESIONAL DE EUSKADI<\/h3><\/div><div class=\"fusion-separator\" style=\"align-self: center;margin-left: auto;margin-right: auto;margin-bottom:30px;width:100%;max-width:80%;\"><div class=\"fusion-separator-border sep-single sep-solid\" style=\"--awb-height:20px;--awb-amount:20px;border-color:var(--awb-color4);border-top-width:1px;\"><\/div><\/div><div class=\"fusion-text fusion-text-1\"><p>Este sitio web se enmarca en el contexto del proyecto \u201cCOVID y bienestar emocional en adolescentes\u201d. Este proyecto naci\u00f3 en 2020 de la mano de Tolosako Inmakulada Lanbide Ikastola (TILI) y EASO Politeknikoa, con el apoyo de Tknika. <\/p>\n<p>En los \u00faltimos a\u00f1os han sido muchas las personas que han reivindicado que hay mucho trabajo que hacer en el \u00e1mbito de la salud mental, y la pandemia ha hecho que esta necesidad se haya acrecentado, especialmente entre adolescentes y j\u00f3venes. Con la intenci\u00f3n de dar respuesta a esta necesidad, iniciamos este proyecto con mucha ilusi\u00f3n. <\/p>\n<p>A medida que el proyecto avanzaba, nos dimos cuenta de que hay un gran vac\u00edo en el trabajo en torno al suicidio. Es un tema que se ha mantenido y a\u00fan se mantiene en silencio, pero se trata de una realidad que rodea nuestro d\u00eda a d\u00eda. El suicidio est\u00e1 asociado a m\u00faltiples estigmatizaciones, mitos y desconocimientos. La creencia de que hablar del suicidio induce al suicidio est\u00e1 muy arraigada en la sociedad. Sin embargo, hace ya varios a\u00f1os que se ha comprobado que hablar es la mejor prevenci\u00f3n y promoci\u00f3n, ya que \u201chablar puede salvar vidas\u201d.    <\/p>\n<p>En consecuencia, esta web se ha puesto en marcha con el fin de divulgar el material creado en los dos \u00faltimos a\u00f1os con motivo del proyecto. Porque ha llegado la hora de hablar de las alteraciones de la salud mental y del suicidio, as\u00ed como de trabajar en su prevenci\u00f3n. Sensibilizando a toda la sociedad y especialmente a la comunidad educativa, y solicitando vuestra intervenci\u00f3n. Para tomar conciencia, poner nombre y apellidos a las emociones, hacer aflorar temas que est\u00e1n en la ra\u00edz del suicidio, y unirnos todos en esta lucha de prevenci\u00f3n.   <\/p>\n<p>Por \u00faltimo, queremos agradecer a todas las asociaciones y personas que nos han apoyado durante estos dos a\u00f1os. Sin vosotros\/as no habr\u00edamos podido seguir adelante, todas\/os nosotras\/os hemos hecho posible este proyecto.\u00a1Gracias de todo coraz\u00f3n!  <\/p>\n<\/div><div class=\"fusion-separator fusion-full-width-sep\" style=\"align-self: center;margin-left: auto;margin-right: auto;margin-top:20px;margin-bottom:20px;width:100%;\"><div class=\"fusion-separator-border sep-single sep-solid\" style=\"--awb-height:20px;--awb-amount:20px;--awb-sep-color:var(--awb-color7);border-color:var(--awb-color7);border-top-width:1px;\"><\/div><\/div><div class=\"fusion-builder-row fusion-builder-row-inner fusion-row fusion-flex-align-items-flex-start fusion-flex-content-wrap\" style=\"width:105% !important;max-width:105% !important;margin-left: calc(-5% \/ 2 );margin-right: calc(-5% \/ 2 );\"><div class=\"fusion-layout-column fusion_builder_column_inner fusion-builder-nested-column-0 fusion_builder_column_inner_1_2 1_2 fusion-flex-column\" style=\"--awb-bg-size:cover;--awb-width-large:50%;--awb-margin-top-large:0px;--awb-spacing-right-large:4.75%;--awb-margin-bottom-large:20px;--awb-spacing-left-large:4.75%;--awb-width-medium:50%;--awb-order-medium:0;--awb-spacing-right-medium:4.75%;--awb-spacing-left-medium:4.75%;--awb-width-small:100%;--awb-order-small:0;--awb-spacing-right-small:2.375%;--awb-spacing-left-small:2.375%;\"><div class=\"fusion-column-wrapper fusion-column-has-shadow fusion-flex-justify-content-flex-start fusion-content-layout-column\"><div class=\"fusion-image-element \" style=\"--awb-caption-title-font-family:var(--h2_typography-font-family);--awb-caption-title-font-weight:var(--h2_typography-font-weight);--awb-caption-title-font-style:var(--h2_typography-font-style);--awb-caption-title-size:var(--h2_typography-font-size);--awb-caption-title-transform:var(--h2_typography-text-transform);--awb-caption-title-line-height:var(--h2_typography-line-height);--awb-caption-title-letter-spacing:var(--h2_typography-letter-spacing);\"><span class=\" fusion-imageframe imageframe-none imageframe-1 hover-type-none\"><img decoding=\"async\" width=\"473\" height=\"123\" title=\"Easo2\" src=\"https:\/\/ongizate-emozionala.eus\/wp-content\/uploads\/2022\/10\/Easo2.jpg\" data-orig-src=\"http:\/\/ongizate-emozionala.eus\/wp-content\/uploads\/2022\/10\/Easo2.jpg\" alt class=\"lazyload img-responsive wp-image-2589\" srcset=\"data:image\/svg+xml,%3Csvg%20xmlns%3D%27http%3A%2F%2Fwww.w3.org%2F2000%2Fsvg%27%20width%3D%27473%27%20height%3D%27123%27%20viewBox%3D%270%200%20473%20123%27%3E%3Crect%20width%3D%27473%27%20height%3D%27123%27%20fill-opacity%3D%220%22%2F%3E%3C%2Fsvg%3E\" data-srcset=\"https:\/\/ongizate-emozionala.eus\/wp-content\/uploads\/2022\/10\/Easo2-200x52.jpg 200w, https:\/\/ongizate-emozionala.eus\/wp-content\/uploads\/2022\/10\/Easo2-400x104.jpg 400w, https:\/\/ongizate-emozionala.eus\/wp-content\/uploads\/2022\/10\/Easo2.jpg 473w\" data-sizes=\"auto\" data-orig-sizes=\"(max-width: 700px) 100vw, 473px\" \/><\/span><\/div><\/div><\/div><div class=\"fusion-layout-column fusion_builder_column_inner fusion-builder-nested-column-1 fusion_builder_column_inner_1_2 1_2 fusion-flex-column\" style=\"--awb-bg-size:cover;--awb-width-large:50%;--awb-margin-top-large:0px;--awb-spacing-right-large:4.75%;--awb-margin-bottom-large:20px;--awb-spacing-left-large:4.75%;--awb-width-medium:50%;--awb-order-medium:0;--awb-spacing-right-medium:4.75%;--awb-spacing-left-medium:4.75%;--awb-width-small:100%;--awb-order-small:0;--awb-spacing-right-small:2.375%;--awb-spacing-left-small:2.375%;\"><div class=\"fusion-column-wrapper fusion-column-has-shadow fusion-flex-justify-content-flex-start fusion-content-layout-column\"><div class=\"fusion-image-element \" style=\"--awb-caption-title-font-family:var(--h2_typography-font-family);--awb-caption-title-font-weight:var(--h2_typography-font-weight);--awb-caption-title-font-style:var(--h2_typography-font-style);--awb-caption-title-size:var(--h2_typography-font-size);--awb-caption-title-transform:var(--h2_typography-text-transform);--awb-caption-title-line-height:var(--h2_typography-line-height);--awb-caption-title-letter-spacing:var(--h2_typography-letter-spacing);\"><span class=\" fusion-imageframe imageframe-none imageframe-2 hover-type-none\"><img decoding=\"async\" width=\"421\" height=\"123\" title=\"inmakulada2\" src=\"https:\/\/ongizate-emozionala.eus\/wp-content\/uploads\/2022\/10\/inmakulada2.jpg\" data-orig-src=\"http:\/\/ongizate-emozionala.eus\/wp-content\/uploads\/2022\/10\/inmakulada2.jpg\" alt class=\"lazyload img-responsive wp-image-2590\" srcset=\"data:image\/svg+xml,%3Csvg%20xmlns%3D%27http%3A%2F%2Fwww.w3.org%2F2000%2Fsvg%27%20width%3D%27421%27%20height%3D%27123%27%20viewBox%3D%270%200%20421%20123%27%3E%3Crect%20width%3D%27421%27%20height%3D%27123%27%20fill-opacity%3D%220%22%2F%3E%3C%2Fsvg%3E\" data-srcset=\"https:\/\/ongizate-emozionala.eus\/wp-content\/uploads\/2022\/10\/inmakulada2-200x58.jpg 200w, https:\/\/ongizate-emozionala.eus\/wp-content\/uploads\/2022\/10\/inmakulada2-400x117.jpg 400w, https:\/\/ongizate-emozionala.eus\/wp-content\/uploads\/2022\/10\/inmakulada2.jpg 421w\" data-sizes=\"auto\" data-orig-sizes=\"(max-width: 700px) 100vw, 421px\" \/><\/span><\/div><\/div><\/div><\/div><\/div><\/div><\/div><\/div>\n","protected":false},"excerpt":{"rendered":"","protected":false},"author":1,"featured_media":0,"parent":0,"menu_order":0,"comment_status":"closed","ping_status":"closed","template":"100-width.php","meta":{"_themeisle_gutenberg_block_has_review":false,"footnotes":""},"class_list":["post-2728","page","type-page","status-publish","hentry"],"yoast_head":"<!-- This site is optimized with the Yoast SEO plugin v25.9 - https:\/\/yoast.com\/wordpress\/plugins\/seo\/ -->\n<title>Proyecto - Ongizate Emozionala FP<\/title>\n<meta name=\"robots\" content=\"noindex, follow, max-snippet:-1, max-image-preview:large, max-video-preview:-1\" \/>\n<meta property=\"og:locale\" content=\"es_ES\" \/>\n<meta property=\"og:type\" content=\"article\" \/>\n<meta property=\"og:title\" content=\"Proyecto - Ongizate Emozionala FP\" \/>\n<meta property=\"og:url\" content=\"https:\/\/ongizate-emozionala.eus\/es\/proyecto\/\" \/>\n<meta property=\"og:site_name\" content=\"Ongizate Emozionala FP\" \/>\n<meta property=\"article:modified_time\" content=\"2023-05-14T16:35:55+00:00\" \/>\n<meta name=\"twitter:card\" content=\"summary_large_image\" \/>\n<meta name=\"twitter:label1\" content=\"Tiempo de lectura\" \/>\n\t<meta name=\"twitter:data1\" content=\"8 minutos\" \/>\n<script type=\"application\/ld+json\" class=\"yoast-schema-graph\">{\"@context\":\"https:\/\/schema.org\",\"@graph\":[{\"@type\":\"WebPage\",\"@id\":\"https:\/\/ongizate-emozionala.eus\/es\/proyecto\/\",\"url\":\"https:\/\/ongizate-emozionala.eus\/es\/proyecto\/\",\"name\":\"Proyecto - Ongizate Emozionala FP\",\"isPartOf\":{\"@id\":\"https:\/\/ongizate-emozionala.eus\/#website\"},\"datePublished\":\"2022-09-15T17:11:52+00:00\",\"dateModified\":\"2023-05-14T16:35:55+00:00\",\"breadcrumb\":{\"@id\":\"https:\/\/ongizate-emozionala.eus\/es\/proyecto\/#breadcrumb\"},\"inLanguage\":\"es\",\"potentialAction\":[{\"@type\":\"ReadAction\",\"target\":[\"https:\/\/ongizate-emozionala.eus\/es\/proyecto\/\"]}]},{\"@type\":\"BreadcrumbList\",\"@id\":\"https:\/\/ongizate-emozionala.eus\/es\/proyecto\/#breadcrumb\",\"itemListElement\":[{\"@type\":\"ListItem\",\"position\":1,\"name\":\"Portada\",\"item\":\"https:\/\/ongizate-emozionala.eus\/es\/\"},{\"@type\":\"ListItem\",\"position\":2,\"name\":\"Proyecto\"}]},{\"@type\":\"WebSite\",\"@id\":\"https:\/\/ongizate-emozionala.eus\/#website\",\"url\":\"https:\/\/ongizate-emozionala.eus\/\",\"name\":\"Ongizate Emozionala FP\",\"description\":\"Ongizate Emozional Lanbide Heziketan\",\"publisher\":{\"@id\":\"https:\/\/ongizate-emozionala.eus\/#organization\"},\"potentialAction\":[{\"@type\":\"SearchAction\",\"target\":{\"@type\":\"EntryPoint\",\"urlTemplate\":\"https:\/\/ongizate-emozionala.eus\/?s={search_term_string}\"},\"query-input\":{\"@type\":\"PropertyValueSpecification\",\"valueRequired\":true,\"valueName\":\"search_term_string\"}}],\"inLanguage\":\"es\"},{\"@type\":\"Organization\",\"@id\":\"https:\/\/ongizate-emozionala.eus\/#organization\",\"name\":\"Ongizate Emozionala FP\",\"url\":\"https:\/\/ongizate-emozionala.eus\/\",\"logo\":{\"@type\":\"ImageObject\",\"inLanguage\":\"es\",\"@id\":\"https:\/\/ongizate-emozionala.eus\/#\/schema\/logo\/image\/\",\"url\":\"http:\/\/ongizate-emozionala.eus\/wp-content\/uploads\/2022\/09\/OE_Web_LogoMovil2.png\",\"contentUrl\":\"http:\/\/ongizate-emozionala.eus\/wp-content\/uploads\/2022\/09\/OE_Web_LogoMovil2.png\",\"width\":400,\"height\":152,\"caption\":\"Ongizate Emozionala FP\"},\"image\":{\"@id\":\"https:\/\/ongizate-emozionala.eus\/#\/schema\/logo\/image\/\"}}]}<\/script>\n<!-- \/ Yoast SEO plugin. -->","yoast_head_json":{"title":"Proyecto - Ongizate Emozionala FP","robots":{"index":"noindex","follow":"follow","max-snippet":"max-snippet:-1","max-image-preview":"max-image-preview:large","max-video-preview":"max-video-preview:-1"},"og_locale":"es_ES","og_type":"article","og_title":"Proyecto - Ongizate Emozionala FP","og_url":"https:\/\/ongizate-emozionala.eus\/es\/proyecto\/","og_site_name":"Ongizate Emozionala FP","article_modified_time":"2023-05-14T16:35:55+00:00","twitter_card":"summary_large_image","twitter_misc":{"Tiempo de lectura":"8 minutos"},"schema":{"@context":"https:\/\/schema.org","@graph":[{"@type":"WebPage","@id":"https:\/\/ongizate-emozionala.eus\/es\/proyecto\/","url":"https:\/\/ongizate-emozionala.eus\/es\/proyecto\/","name":"Proyecto - Ongizate Emozionala FP","isPartOf":{"@id":"https:\/\/ongizate-emozionala.eus\/#website"},"datePublished":"2022-09-15T17:11:52+00:00","dateModified":"2023-05-14T16:35:55+00:00","breadcrumb":{"@id":"https:\/\/ongizate-emozionala.eus\/es\/proyecto\/#breadcrumb"},"inLanguage":"es","potentialAction":[{"@type":"ReadAction","target":["https:\/\/ongizate-emozionala.eus\/es\/proyecto\/"]}]},{"@type":"BreadcrumbList","@id":"https:\/\/ongizate-emozionala.eus\/es\/proyecto\/#breadcrumb","itemListElement":[{"@type":"ListItem","position":1,"name":"Portada","item":"https:\/\/ongizate-emozionala.eus\/es\/"},{"@type":"ListItem","position":2,"name":"Proyecto"}]},{"@type":"WebSite","@id":"https:\/\/ongizate-emozionala.eus\/#website","url":"https:\/\/ongizate-emozionala.eus\/","name":"Ongizate Emozionala FP","description":"Ongizate Emozional Lanbide Heziketan","publisher":{"@id":"https:\/\/ongizate-emozionala.eus\/#organization"},"potentialAction":[{"@type":"SearchAction","target":{"@type":"EntryPoint","urlTemplate":"https:\/\/ongizate-emozionala.eus\/?s={search_term_string}"},"query-input":{"@type":"PropertyValueSpecification","valueRequired":true,"valueName":"search_term_string"}}],"inLanguage":"es"},{"@type":"Organization","@id":"https:\/\/ongizate-emozionala.eus\/#organization","name":"Ongizate Emozionala FP","url":"https:\/\/ongizate-emozionala.eus\/","logo":{"@type":"ImageObject","inLanguage":"es","@id":"https:\/\/ongizate-emozionala.eus\/#\/schema\/logo\/image\/","url":"http:\/\/ongizate-emozionala.eus\/wp-content\/uploads\/2022\/09\/OE_Web_LogoMovil2.png","contentUrl":"http:\/\/ongizate-emozionala.eus\/wp-content\/uploads\/2022\/09\/OE_Web_LogoMovil2.png","width":400,"height":152,"caption":"Ongizate Emozionala FP"},"image":{"@id":"https:\/\/ongizate-emozionala.eus\/#\/schema\/logo\/image\/"}}]}},"_links":{"self":[{"href":"https:\/\/ongizate-emozionala.eus\/es\/wp-json\/wp\/v2\/pages\/2728","targetHints":{"allow":["GET"]}}],"collection":[{"href":"https:\/\/ongizate-emozionala.eus\/es\/wp-json\/wp\/v2\/pages"}],"about":[{"href":"https:\/\/ongizate-emozionala.eus\/es\/wp-json\/wp\/v2\/types\/page"}],"author":[{"embeddable":true,"href":"https:\/\/ongizate-emozionala.eus\/es\/wp-json\/wp\/v2\/users\/1"}],"replies":[{"embeddable":true,"href":"https:\/\/ongizate-emozionala.eus\/es\/wp-json\/wp\/v2\/comments?post=2728"}],"version-history":[{"count":8,"href":"https:\/\/ongizate-emozionala.eus\/es\/wp-json\/wp\/v2\/pages\/2728\/revisions"}],"predecessor-version":[{"id":2757,"href":"https:\/\/ongizate-emozionala.eus\/es\/wp-json\/wp\/v2\/pages\/2728\/revisions\/2757"}],"wp:attachment":[{"href":"https:\/\/ongizate-emozionala.eus\/es\/wp-json\/wp\/v2\/media?parent=2728"}],"curies":[{"name":"wp","href":"https:\/\/api.w.org\/{rel}","templated":true}]}}